{"id":261,"date":"2025-10-09T07:56:00","date_gmt":"2025-10-09T07:56:00","guid":{"rendered":"https:\/\/rhai.at\/?page_id=261"},"modified":"2025-11-02T19:56:12","modified_gmt":"2025-11-02T19:56:12","slug":"leistungen","status":"publish","type":"page","link":"https:\/\/rhai.at\/en\/leistungen\/","title":{"rendered":"Services"},"content":{"rendered":"<div class=\"wp-block-uagb-container uagb-block-8ecd5811 alignfull uagb-is-root-container\"><div class=\"uagb-container-inner-blocks-wrap\">\n<div class=\"wp-block-uagb-advanced-heading uagb-block-13f2e88a\"><h1 class=\"uagb-heading-text\">Our tailored AI solutions for your business<\/h1><\/div>\n<\/div><\/div>\n\n\n\n<div class=\"wp-block-uagb-container uagb-layout-grid uagb-block-ed6f13b8 alignwide uagb-is-root-container\">\n<div class=\"wp-block-uagb-advanced-heading uagb-block-50fe1be9\"><h2 class=\"uagb-heading-text\">Discover our innovative AI and web services<\/h2><\/div>\n\n\n\n<div class=\"wp-block-uagb-container uagb-layout-grid uagb-block-c13f2f91\">\n<div class=\"wp-block-uagb-container uagb-layout-grid uagb-block-f3bdc06a\">\n<div class=\"wp-block-uagb-image uagb-block-b33e1859 wp-block-uagb-image--layout-default wp-block-uagb-image--effect-static wp-block-uagb-image--align-none\"><figure class=\"wp-block-uagb-image__figure\"><img decoding=\"async\" srcset=\"https:\/\/rhai.at\/wp-content\/uploads\/2025\/11\/growtika-nGoCBxiaRO0-unsplash-1024x576.jpg ,https:\/\/rhai.at\/wp-content\/uploads\/2025\/11\/growtika-nGoCBxiaRO0-unsplash-scaled.jpg 780w, https:\/\/rhai.at\/wp-content\/uploads\/2025\/11\/growtika-nGoCBxiaRO0-unsplash-scaled.jpg 360w\" sizes=\"auto, (max-width: 480px) 150px\" src=\"https:\/\/rhai.at\/wp-content\/uploads\/2025\/11\/growtika-nGoCBxiaRO0-unsplash-1024x576.jpg\" alt=\"AI Solutions\" class=\"uag-image-657\" width=\"374\" height=\"240\" title=\"AI Solutions\" loading=\"lazy\" role=\"img\"\/><\/figure><\/div>\n\n\n\n<div class=\"wp-block-uagb-advanced-heading uagb-block-2d5baa62\"><h3 class=\"uagb-heading-text\">AI Voice Agents<\/h3><p class=\"uagb-desc-text\">Unsere KI-Voice-Agents verbessern die  Kundenkommunikation, indem sie schnelle und pr\u00e4zise Antworten auf Anfragen bieten, und somit Ihre Effizienz steigern. Au\u00dferdem buchen unsere Agenten direkt Termine in Ihre Kalender. <\/p><\/div>\n\n\n\n<div class=\"wp-block-uagb-image uagb-block-c2e3f884 wp-block-uagb-image--layout-default wp-block-uagb-image--effect-static wp-block-uagb-image--align-none\"><figure class=\"wp-block-uagb-image__figure\"><img decoding=\"async\" srcset=\"https:\/\/rhai.at\/wp-content\/uploads\/2025\/10\/a-person-using-a-laptop-6476270.jpeg ,https:\/\/rhai.at\/wp-content\/uploads\/2025\/10\/a-person-using-a-laptop-6476270.jpeg 780w, https:\/\/rhai.at\/wp-content\/uploads\/2025\/10\/a-person-using-a-laptop-6476270.jpeg 360w\" sizes=\"auto, (max-width: 480px) 150px\" src=\"https:\/\/rhai.at\/wp-content\/uploads\/2025\/10\/a-person-using-a-laptop-6476270.jpeg\" alt=\"Laptop user typing with digital evolution concept on screen in a modern office environment.\" class=\"uag-image-488\" width=\"374\" height=\"420\" title=\"service-04\" loading=\"lazy\" role=\"img\"\/><\/figure><\/div>\n\n\n\n<div class=\"wp-block-uagb-advanced-heading uagb-block-e199cdcf\"><h3 class=\"uagb-heading-text\">Websites &amp; Landing Pages<\/h3><p class=\"uagb-desc-text\">We build engaging websites and landing pages that optimize the user experience and keep your goals in focus.<\/p><\/div>\n<\/div>\n\n\n\n<div class=\"wp-block-uagb-container uagb-layout-grid uagb-block-0ed285ce\">\n<div class=\"wp-block-uagb-image uagb-block-306f0dee wp-block-uagb-image--layout-default wp-block-uagb-image--effect-static wp-block-uagb-image--align-none\"><figure class=\"wp-block-uagb-image__figure\"><img decoding=\"async\" srcset=\"https:\/\/rhai.at\/wp-content\/uploads\/2025\/10\/solution-question-problem-response-860229.jpg ,https:\/\/rhai.at\/wp-content\/uploads\/2025\/10\/solution-question-problem-response-860229.jpg 780w, https:\/\/rhai.at\/wp-content\/uploads\/2025\/10\/solution-question-problem-response-860229-300x225.jpg 360w\" sizes=\"auto, (max-width: 480px) 150px\" src=\"https:\/\/rhai.at\/wp-content\/uploads\/2025\/10\/solution-question-problem-response-860229.jpg\" alt=\"solution, question, problem, response, task, difficulty, mystery, puzzle, problem solution, to learn, goal, doll, wooden doll, puppet, figure, solution, solution, solution, solution, question, problem, task, task, puzzle, puzzle, puzzle, puzzle, puzzle, goal, doll, puppet\" class=\"uag-image-490\" width=\"374\" height=\"420\" title=\"service-02\" loading=\"lazy\" role=\"img\"\/><\/figure><\/div>\n\n\n\n<div class=\"wp-block-uagb-advanced-heading uagb-block-82ccb4ec\"><h3 class=\"uagb-heading-text\">Performance-Marketing<\/h3><p class=\"uagb-desc-text\">Our performance marketing ensures your campaigns are targeted and deliver maximum results. More revenue\u2014measurable and scalable. <\/p><\/div>\n\n\n\n<div class=\"wp-block-uagb-image uagb-block-a9488480 wp-block-uagb-image--layout-default wp-block-uagb-image--effect-static wp-block-uagb-image--align-none\"><figure class=\"wp-block-uagb-image__figure\"><img decoding=\"async\" srcset=\"https:\/\/rhai.at\/wp-content\/uploads\/2025\/11\/jason-dent-JFk0dVyvdvw-unsplash-1024x569.jpg ,https:\/\/rhai.at\/wp-content\/uploads\/2025\/11\/jason-dent-JFk0dVyvdvw-unsplash-scaled.jpg 780w, https:\/\/rhai.at\/wp-content\/uploads\/2025\/11\/jason-dent-JFk0dVyvdvw-unsplash-scaled.jpg 360w\" sizes=\"auto, (max-width: 480px) 150px\" src=\"https:\/\/rhai.at\/wp-content\/uploads\/2025\/11\/jason-dent-JFk0dVyvdvw-unsplash-1024x569.jpg\" alt=\"Datenschutz\/Compliance\" class=\"uag-image-659\" width=\"374\" height=\"240\" title=\"Datenschutz\/Compliance\" loading=\"lazy\" role=\"img\"\/><\/figure><\/div>\n\n\n\n<div class=\"wp-block-uagb-advanced-heading uagb-block-99ee72fd\"><h3 class=\"uagb-heading-text\">Setup &amp; Compliance<\/h3><p class=\"uagb-desc-text\">We build engaging websites and landing pages that optimize the user experience and keep your goals in focus.<\/p><\/div>\n<\/div>\n\n\n\n<div class=\"wp-block-uagb-container uagb-layout-grid uagb-block-bd043692\">\n<div class=\"wp-block-uagb-image uagb-block-1f2d652d wp-block-uagb-image--layout-default wp-block-uagb-image--effect-static wp-block-uagb-image--align-none\"><figure class=\"wp-block-uagb-image__figure\"><img decoding=\"async\" srcset=\"https:\/\/rhai.at\/wp-content\/uploads\/2025\/11\/lukas-muller-Q4iYWsWbR90-unsplash-1024x576.jpg ,https:\/\/rhai.at\/wp-content\/uploads\/2025\/11\/lukas-muller-Q4iYWsWbR90-unsplash-scaled.jpg 780w, https:\/\/rhai.at\/wp-content\/uploads\/2025\/11\/lukas-muller-Q4iYWsWbR90-unsplash-scaled.jpg 360w\" sizes=\"auto, (max-width: 480px) 150px\" src=\"https:\/\/rhai.at\/wp-content\/uploads\/2025\/11\/lukas-muller-Q4iYWsWbR90-unsplash-1024x576.jpg\" alt=\"SEO\" class=\"uag-image-661\" width=\"374\" height=\"240\" title=\"SEO\" loading=\"lazy\" role=\"img\"\/><\/figure><\/div>\n\n\n\n<div class=\"wp-block-uagb-advanced-heading uagb-block-e88de9a1\"><h3 class=\"uagb-heading-text\">SEO &amp; Performance<\/h3><p class=\"uagb-desc-text\">Improve your search visibility and increase traffic through targeted SEO measures.<\/p><\/div>\n\n\n\n<div class=\"wp-block-uagb-image uagb-block-bf855cb6 wp-block-uagb-image--layout-default wp-block-uagb-image--effect-static wp-block-uagb-image--align-none\"><figure class=\"wp-block-uagb-image__figure\"><img decoding=\"async\" srcset=\"https:\/\/rhai.at\/wp-content\/uploads\/2025\/11\/aidin-geranrekab-bV_P23FXxhI-unsplash-683x1024.jpg ,https:\/\/rhai.at\/wp-content\/uploads\/2025\/11\/aidin-geranrekab-bV_P23FXxhI-unsplash-scaled.jpg 780w, https:\/\/rhai.at\/wp-content\/uploads\/2025\/11\/aidin-geranrekab-bV_P23FXxhI-unsplash-scaled.jpg 360w\" sizes=\"auto, (max-width: 480px) 150px\" src=\"https:\/\/rhai.at\/wp-content\/uploads\/2025\/11\/aidin-geranrekab-bV_P23FXxhI-unsplash-683x1024.jpg\" alt=\"Wartungsservice\" class=\"uag-image-658\" width=\"374\" height=\"420\" title=\"Wartungsservice\" loading=\"lazy\" role=\"img\"\/><\/figure><\/div>\n\n\n\n<div class=\"wp-block-uagb-advanced-heading uagb-block-c1a85385\"><h3 class=\"uagb-heading-text\">Maintenance Services<\/h3><p class=\"uagb-desc-text\">We provide professional maintenance for your websites and AI solutions so you can focus on your core business.<\/p><\/div>\n<\/div>\n<\/div>\n\n\n\n<div class=\"wp-block-uagb-marketing-button uagb-marketing-btn__align-center uagb-marketing-btn__align-text-center uagb-marketing-btn__icon-after uagb-block-a87a2b0a wp-block-button\"><a href=\"https:\/\/calendly.com\/kontakt-rhai\/free-consulation-30min\" class=\"uagb-marketing-btn__link wp-block-button__link\" target=\"_blank\" rel=\"noopener noreferrer\"><span class=\"uagb-marketing-btn__title\">Book Appointment now<\/span><svg xmlns=\"https:\/\/www.w3.org\/2000\/svg\" viewbox=\"0 0 512 512\"><path d=\"M384 320c-17.67 0-32 14.33-32 32v96H64V160h96c17.67 0 32-14.32 32-32s-14.33-32-32-32L64 96c-35.35 0-64 28.65-64 64V448c0 35.34 28.65 64 64 64h288c35.35 0 64-28.66 64-64v-96C416 334.3 401.7 320 384 320zM488 0H352c-12.94 0-24.62 7.797-29.56 19.75c-4.969 11.97-2.219 25.72 6.938 34.88L370.8 96L169.4 297.4c-12.5 12.5-12.5 32.75 0 45.25C175.6 348.9 183.8 352 192 352s16.38-3.125 22.62-9.375L416 141.3l41.38 41.38c9.156 9.141 22.88 11.84 34.88 6.938C504.2 184.6 512 172.9 512 160V24C512 10.74 501.3 0 488 0z\"><\/path><\/svg><p class=\"uagb-marketing-btn__prefix\"><em>GET YOUR NO-OBLIGATION 30-MINUTE POTENTIAL ANALYSIS<\/em><\/p><\/a><\/div>\n<\/div>","protected":false},"excerpt":{"rendered":"<p>Unsere ma\u00dfgeschneiderten KI-L\u00f6sungen f\u00fcr Ihr Unternehmen Entdecken Sie unsere innovativen Dienstleistungen im Bereich KI und Web KI-Voice-Agents Unsere KI-Voice-Agents verbessern [&hellip;]<\/p>\n","protected":false},"author":4,"featured_media":0,"parent":0,"menu_order":0,"comment_status":"closed","ping_status":"closed","template":"","meta":{"_uag_custom_page_level_css":"","site-sidebar-layout":"default","site-content-layout":"","ast-site-content-layout":"default","site-content-style":"default","site-sidebar-style":"default","ast-global-header-display":"","ast-banner-title-visibility":"","ast-main-header-display":"","ast-hfb-above-header-display":"","ast-hfb-below-header-display":"","ast-hfb-mobile-header-display":"","site-post-title":"disabled","ast-breadcrumbs-content":"","ast-featured-img":"","footer-sml-layout":"","ast-disable-related-posts":"","theme-transparent-header-meta":"","adv-header-id-meta":"","stick-header-meta":"","header-above-stick-meta":"","header-main-stick-meta":"","header-below-stick-meta":"","astra-migrate-meta-layouts":"default","ast-page-background-enabled":"default","ast-page-background-meta":{"desktop":{"background-color":"var(--ast-global-color-4)","background-image":"","background-repeat":"repeat","background-position":"center center","background-size":"auto","background-attachment":"scroll","background-type":"","background-media":"","overlay-type":"","overlay-color":"","overlay-opacity":"","overlay-gradient":""},"tablet":{"background-color":"","background-image":"","background-repeat":"repeat","background-position":"center center","background-size":"auto","background-attachment":"scroll","background-type":"","background-media":"","overlay-type":"","overlay-color":"","overlay-opacity":"","overlay-gradient":""},"mobile":{"background-color":"","background-image":"","background-repeat":"repeat","background-position":"center center","background-size":"auto","background-attachment":"scroll","background-type":"","background-media":"","overlay-type":"","overlay-color":"","overlay-opacity":"","overlay-gradient":""}},"ast-content-background-meta":{"desktop":{"background-color":"var(--ast-global-color-5)","background-image":"","background-repeat":"repeat","background-position":"center center","background-size":"auto","background-attachment":"scroll","background-type":"","background-media":"","overlay-type":"","overlay-color":"","overlay-opacity":"","overlay-gradient":""},"tablet":{"background-color":"var(--ast-global-color-5)","background-image":"","background-repeat":"repeat","background-position":"center center","background-size":"auto","background-attachment":"scroll","background-type":"","background-media":"","overlay-type":"","overlay-color":"","overlay-opacity":"","overlay-gradient":""},"mobile":{"background-color":"var(--ast-global-color-5)","background-image":"","background-repeat":"repeat","background-position":"center center","background-size":"auto","background-attachment":"scroll","background-type":"","background-media":"","overlay-type":"","overlay-color":"","overlay-opacity":"","overlay-gradient":""}},"_themeisle_gutenberg_block_has_review":false,"footnotes":""},"class_list":["post-261","page","type-page","status-publish","hentry"],"uagb_featured_image_src":{"full":false,"thumbnail":false,"medium":false,"medium_large":false,"large":false,"1536x1536":false,"2048x2048":false,"trp-custom-language-flag":false},"uagb_author_info":{"display_name":"j30ppjxxnbcg","author_link":"https:\/\/rhai.at\/en\/author\/j30ppjxxnbcg\/"},"uagb_comment_info":0,"uagb_excerpt":"Unsere ma\u00dfgeschneiderten KI-L\u00f6sungen f\u00fcr Ihr Unternehmen Entdecken Sie unsere innovativen Dienstleistungen im Bereich KI und Web KI-Voice-Agents Unsere KI-Voice-Agents verbessern [&hellip;]","_links":{"self":[{"href":"https:\/\/rhai.at\/en\/wp-json\/wp\/v2\/pages\/261","targetHints":{"allow":["GET"]}}],"collection":[{"href":"https:\/\/rhai.at\/en\/wp-json\/wp\/v2\/pages"}],"about":[{"href":"https:\/\/rhai.at\/en\/wp-json\/wp\/v2\/types\/page"}],"author":[{"embeddable":true,"href":"https:\/\/rhai.at\/en\/wp-json\/wp\/v2\/users\/4"}],"replies":[{"embeddable":true,"href":"https:\/\/rhai.at\/en\/wp-json\/wp\/v2\/comments?post=261"}],"version-history":[{"count":11,"href":"https:\/\/rhai.at\/en\/wp-json\/wp\/v2\/pages\/261\/revisions"}],"predecessor-version":[{"id":664,"href":"https:\/\/rhai.at\/en\/wp-json\/wp\/v2\/pages\/261\/revisions\/664"}],"wp:attachment":[{"href":"https:\/\/rhai.at\/en\/wp-json\/wp\/v2\/media?parent=261"}],"curies":[{"name":"wp","href":"https:\/\/api.w.org\/{rel}","templated":true}]}}